{"id":604,"date":"2025-10-02T13:33:22","date_gmt":"2025-10-02T11:33:22","guid":{"rendered":"http:\/\/academiaestudi.disstintbeta.com\/cursos-en-el-extranjero\/"},"modified":"2025-10-23T16:01:31","modified_gmt":"2025-10-23T14:01:31","slug":"cursos-en-el-extranjero","status":"publish","type":"page","link":"https:\/\/academiaestudi.com\/es\/cursos-en-el-extranjero\/","title":{"rendered":"Cursos en el extranjero"},"content":{"rendered":"\t\t<div data-elementor-type=\"wp-page\" data-elementor-id=\"604\" class=\"elementor elementor-604 elementor-270\" data-elementor-post-type=\"page\">\n\t\t\t\t<div class=\"elementor-element elementor-element-86f7f7f e-flex e-con-boxed e-con e-parent\" data-id=\"86f7f7f\" data-element_type=\"container\" data-settings=\"{&quot;background_background&quot;:&quot;classic&quot;}\">\n\t\t\t\t\t<div class=\"e-con-inner\">\n\t\t<div class=\"elementor-element elementor-element-248e0ad e-con-full e-flex e-con e-child\" data-id=\"248e0ad\" data-element_type=\"container\">\n\t\t\t\t<div class=\"elementor-element elementor-element-064e700 elementor-widget elementor-widget-heading\" data-id=\"064e700\" data-element_type=\"widget\" data-widget_type=\"heading.default\">\n\t\t\t\t\t<h1 class=\"elementor-heading-title elementor-size-default\">Cursos en el extranjero<\/h1>\t\t\t\t<\/div>\n\t\t\t\t<\/div>\n\t\t<div class=\"elementor-element elementor-element-5aa8bdf e-con-full e-flex e-con e-child\" data-id=\"5aa8bdf\" data-element_type=\"container\">\n\t\t\t\t<div class=\"elementor-element elementor-element-417c5f1 animated-slow elementor-invisible elementor-widget elementor-widget-image\" data-id=\"417c5f1\" data-element_type=\"widget\" data-settings=\"{&quot;_animation&quot;:&quot;zoomIn&quot;}\" data-widget_type=\"image.default\">\n\t\t\t\t\t\t\t\t\t\t\t\t\t\t\t<img fetchpriority=\"high\" decoding=\"async\" width=\"1140\" height=\"608\" src=\"https:\/\/academia-estudi.fra1.digitaloceanspaces.com\/wp-content\/uploads\/2025\/10\/cursos-estranger.webp\" class=\"attachment-full size-full wp-image-543\" alt=\"cursos a l\u2019estranger\" srcset=\"https:\/\/academia-estudi.fra1.digitaloceanspaces.com\/wp-content\/uploads\/2025\/10\/cursos-estranger.webp 1140w, https:\/\/academia-estudi.fra1.digitaloceanspaces.com\/wp-content\/uploads\/2025\/10\/cursos-estranger-300x160.webp 300w, https:\/\/academia-estudi.fra1.digitaloceanspaces.com\/wp-content\/uploads\/2025\/10\/cursos-estranger-1024x546.webp 1024w, https:\/\/academia-estudi.fra1.digitaloceanspaces.com\/wp-content\/uploads\/2025\/10\/cursos-estranger-768x410.webp 768w\" sizes=\"(max-width: 1140px) 100vw, 1140px\" \/>\t\t\t\t\t\t\t\t\t\t\t\t\t\t\t<\/div>\n\t\t\t\t<div class=\"elementor-element elementor-element-f4cb346 elementor-widget elementor-widget-image\" data-id=\"f4cb346\" data-element_type=\"widget\" data-widget_type=\"image.default\">\n\t\t\t\t\t\t\t\t\t\t\t\t\t\t\t<img decoding=\"async\" width=\"34\" height=\"15\" src=\"https:\/\/academiaestudi.com\/wp-content\/uploads\/2025\/09\/brand.svg\" class=\"attachment-large size-large wp-image-464\" alt=\"Acad\u00e8mia d\u2019idiomes Sa Pobla\" \/>\t\t\t\t\t\t\t\t\t\t\t\t\t\t\t<\/div>\n\t\t\t\t<div class=\"elementor-element elementor-element-6c2d0bc elementor-widget elementor-widget-heading\" data-id=\"6c2d0bc\" data-element_type=\"widget\" data-widget_type=\"heading.default\">\n\t\t\t\t\t<span class=\"elementor-heading-title elementor-size-default\">Una experiencia que va m\u00e1s all\u00e1 del aula<\/span>\t\t\t\t<\/div>\n\t\t\t\t<div class=\"elementor-element elementor-element-f8b1905 elementor-widget elementor-widget-text-editor\" data-id=\"f8b1905\" data-element_type=\"widget\" data-widget_type=\"text-editor.default\">\n\t\t\t\t\t\t\t\t\t<p>En Acad\u00e8mia Estudi ofrecemos la oportunidad de complementar el aprendizaje del ingl\u00e9s con una <strong>experiencia ling\u00fc\u00edstica y cultural en el extranjero durante los meses de verano<\/strong>, gracias a nuestra colaboraci\u00f3n con Delta, empresa especializada en estancias formativas con m\u00e1s de 35 a\u00f1os de experiencia en el sector.<\/p><p>Los programas de <strong>Delta Idiomas<\/strong> combinan <strong>clases de ingl\u00e9s<\/strong> con una amplia oferta de <strong>actividades l\u00fadicas, culturales y deportivas<\/strong> en diversos destinos internacionales. Es una forma ideal de aprender y practicar el idioma en un entorno real y enriquecedor, hacer nuevos amigos y ganar autonom\u00eda personal. <\/p><p>Cada invierno compartimos con el alumnado el <strong>cat\u00e1logo actualizado de destinos y actividades<\/strong>, y a principios de a\u00f1o, <strong>organizamos una reuni\u00f3n informativa<\/strong> para familias y estudiantes interesados, donde se resuelven dudas y se explican todos los detalles.<\/p><p>Toda la informaci\u00f3n sobre los programas est\u00e1 tambi\u00e9n disponible aqu\u00ed.<\/p>\t\t\t\t\t\t\t\t<\/div>\n\t\t\t\t<\/div>\n\t\t\t\t\t<\/div>\n\t\t\t\t<\/div>\n\t\t\t\t<\/div>\n\t\t","protected":false},"excerpt":{"rendered":"<p>Cursos en el extranjero Una experiencia que va m\u00e1s all\u00e1 del aula En Acad\u00e8mia Estudi ofrecemos la oportunidad de complementar el aprendizaje del ingl\u00e9s con una experiencia ling\u00fc\u00edstica y cultural en el extranjero durante los meses de verano, gracias a nuestra colaboraci\u00f3n con Delta, empresa especializada en estancias formativas con m\u00e1s de 35 a\u00f1os de [&hellip;]<\/p>\n","protected":false},"author":1,"featured_media":0,"parent":0,"menu_order":0,"comment_status":"closed","ping_status":"closed","template":"","meta":{"footnotes":""},"class_list":["post-604","page","type-page","status-publish","hentry"],"yoast_head":"<!-- This site is optimized with the Yoast SEO plugin v26.3 - https:\/\/yoast.com\/wordpress\/plugins\/seo\/ -->\n<title>Cursos de ingl\u00e9s en el extranjero para j\u00f3venes | Acad\u00e8mia Estudi<\/title>\n<meta name=\"description\" content=\"Estancias ling\u00fc\u00edsticas en el extranjero para practicar ingl\u00e9s en verano. Experiencia real y enriquecedora con Delta Idiomas.\" \/>\n<meta name=\"robots\" content=\"index, follow, max-snippet:-1, max-image-preview:large, max-video-preview:-1\" \/>\n<link rel=\"canonical\" href=\"https:\/\/academiaestudi.com\/es\/cursos-en-el-extranjero\/\" \/>\n<meta property=\"og:locale\" content=\"es_ES\" \/>\n<meta property=\"og:type\" content=\"article\" \/>\n<meta property=\"og:title\" content=\"Cursos de ingl\u00e9s en el extranjero para j\u00f3venes | Acad\u00e8mia Estudi\" \/>\n<meta property=\"og:description\" content=\"Estancias ling\u00fc\u00edsticas en el extranjero para practicar ingl\u00e9s en verano. Experiencia real y enriquecedora con Delta Idiomas.\" \/>\n<meta property=\"og:url\" content=\"https:\/\/academiaestudi.com\/es\/cursos-en-el-extranjero\/\" \/>\n<meta property=\"og:site_name\" content=\"Acad\u00e8mia Estudi\" \/>\n<meta property=\"article:modified_time\" content=\"2025-10-23T14:01:31+00:00\" \/>\n<meta property=\"og:image\" content=\"http:\/\/academiaestudi.disstintbeta.com\/wp-content\/uploads\/2025\/10\/cursos-estranger.webp\" \/>\n<meta name=\"twitter:card\" content=\"summary_large_image\" \/>\n<meta name=\"twitter:label1\" content=\"Tiempo de lectura\" \/>\n\t<meta name=\"twitter:data1\" content=\"1 minuto\" \/>\n<script type=\"application\/ld+json\" class=\"yoast-schema-graph\">{\"@context\":\"https:\/\/schema.org\",\"@graph\":[{\"@type\":\"WebPage\",\"@id\":\"https:\/\/academiaestudi.com\/es\/cursos-en-el-extranjero\/\",\"url\":\"https:\/\/academiaestudi.com\/es\/cursos-en-el-extranjero\/\",\"name\":\"Cursos de ingl\u00e9s en el extranjero para j\u00f3venes | Acad\u00e8mia Estudi\",\"isPartOf\":{\"@id\":\"https:\/\/academiaestudi.com\/es\/#website\"},\"primaryImageOfPage\":{\"@id\":\"https:\/\/academiaestudi.com\/es\/cursos-en-el-extranjero\/#primaryimage\"},\"image\":{\"@id\":\"https:\/\/academiaestudi.com\/es\/cursos-en-el-extranjero\/#primaryimage\"},\"thumbnailUrl\":\"http:\/\/academiaestudi.disstintbeta.com\/wp-content\/uploads\/2025\/10\/cursos-estranger.webp\",\"datePublished\":\"2025-10-02T11:33:22+00:00\",\"dateModified\":\"2025-10-23T14:01:31+00:00\",\"description\":\"Estancias ling\u00fc\u00edsticas en el extranjero para practicar ingl\u00e9s en verano. Experiencia real y enriquecedora con Delta Idiomas.\",\"breadcrumb\":{\"@id\":\"https:\/\/academiaestudi.com\/es\/cursos-en-el-extranjero\/#breadcrumb\"},\"inLanguage\":\"es\",\"potentialAction\":[{\"@type\":\"ReadAction\",\"target\":[\"https:\/\/academiaestudi.com\/es\/cursos-en-el-extranjero\/\"]}]},{\"@type\":\"ImageObject\",\"inLanguage\":\"es\",\"@id\":\"https:\/\/academiaestudi.com\/es\/cursos-en-el-extranjero\/#primaryimage\",\"url\":\"http:\/\/academiaestudi.disstintbeta.com\/wp-content\/uploads\/2025\/10\/cursos-estranger.webp\",\"contentUrl\":\"http:\/\/academiaestudi.disstintbeta.com\/wp-content\/uploads\/2025\/10\/cursos-estranger.webp\"},{\"@type\":\"BreadcrumbList\",\"@id\":\"https:\/\/academiaestudi.com\/es\/cursos-en-el-extranjero\/#breadcrumb\",\"itemListElement\":[{\"@type\":\"ListItem\",\"position\":1,\"name\":\"Portada\",\"item\":\"https:\/\/academiaestudi.com\/es\/\"},{\"@type\":\"ListItem\",\"position\":2,\"name\":\"Cursos en el extranjero\"}]},{\"@type\":\"WebSite\",\"@id\":\"https:\/\/academiaestudi.com\/es\/#website\",\"url\":\"https:\/\/academiaestudi.com\/es\/\",\"name\":\"Acad\u00e8mia Estudi\",\"description\":\"\",\"publisher\":{\"@id\":\"https:\/\/academiaestudi.com\/es\/#organization\"},\"potentialAction\":[{\"@type\":\"SearchAction\",\"target\":{\"@type\":\"EntryPoint\",\"urlTemplate\":\"https:\/\/academiaestudi.com\/es\/?s={search_term_string}\"},\"query-input\":{\"@type\":\"PropertyValueSpecification\",\"valueRequired\":true,\"valueName\":\"search_term_string\"}}],\"inLanguage\":\"es\"},{\"@type\":\"Organization\",\"@id\":\"https:\/\/academiaestudi.com\/es\/#organization\",\"name\":\"Acad\u00e8mia Estudi\",\"url\":\"https:\/\/academiaestudi.com\/es\/\",\"logo\":{\"@type\":\"ImageObject\",\"inLanguage\":\"es\",\"@id\":\"https:\/\/academiaestudi.com\/es\/#\/schema\/logo\/image\/\",\"url\":\"https:\/\/academiaestudi.com\/wp-content\/uploads\/2025\/09\/logo.svg\",\"contentUrl\":\"https:\/\/academiaestudi.com\/wp-content\/uploads\/2025\/09\/logo.svg\",\"width\":234,\"height\":80,\"caption\":\"Acad\u00e8mia Estudi\"},\"image\":{\"@id\":\"https:\/\/academiaestudi.com\/es\/#\/schema\/logo\/image\/\"}}]}<\/script>\n<!-- \/ Yoast SEO plugin. -->","yoast_head_json":{"title":"Cursos de ingl\u00e9s en el extranjero para j\u00f3venes | Acad\u00e8mia Estudi","description":"Estancias ling\u00fc\u00edsticas en el extranjero para practicar ingl\u00e9s en verano. Experiencia real y enriquecedora con Delta Idiomas.","robots":{"index":"index","follow":"follow","max-snippet":"max-snippet:-1","max-image-preview":"max-image-preview:large","max-video-preview":"max-video-preview:-1"},"canonical":"https:\/\/academiaestudi.com\/es\/cursos-en-el-extranjero\/","og_locale":"es_ES","og_type":"article","og_title":"Cursos de ingl\u00e9s en el extranjero para j\u00f3venes | Acad\u00e8mia Estudi","og_description":"Estancias ling\u00fc\u00edsticas en el extranjero para practicar ingl\u00e9s en verano. Experiencia real y enriquecedora con Delta Idiomas.","og_url":"https:\/\/academiaestudi.com\/es\/cursos-en-el-extranjero\/","og_site_name":"Acad\u00e8mia Estudi","article_modified_time":"2025-10-23T14:01:31+00:00","og_image":[{"url":"http:\/\/academiaestudi.disstintbeta.com\/wp-content\/uploads\/2025\/10\/cursos-estranger.webp","type":"","width":"","height":""}],"twitter_card":"summary_large_image","twitter_misc":{"Tiempo de lectura":"1 minuto"},"schema":{"@context":"https:\/\/schema.org","@graph":[{"@type":"WebPage","@id":"https:\/\/academiaestudi.com\/es\/cursos-en-el-extranjero\/","url":"https:\/\/academiaestudi.com\/es\/cursos-en-el-extranjero\/","name":"Cursos de ingl\u00e9s en el extranjero para j\u00f3venes | Acad\u00e8mia Estudi","isPartOf":{"@id":"https:\/\/academiaestudi.com\/es\/#website"},"primaryImageOfPage":{"@id":"https:\/\/academiaestudi.com\/es\/cursos-en-el-extranjero\/#primaryimage"},"image":{"@id":"https:\/\/academiaestudi.com\/es\/cursos-en-el-extranjero\/#primaryimage"},"thumbnailUrl":"http:\/\/academiaestudi.disstintbeta.com\/wp-content\/uploads\/2025\/10\/cursos-estranger.webp","datePublished":"2025-10-02T11:33:22+00:00","dateModified":"2025-10-23T14:01:31+00:00","description":"Estancias ling\u00fc\u00edsticas en el extranjero para practicar ingl\u00e9s en verano. Experiencia real y enriquecedora con Delta Idiomas.","breadcrumb":{"@id":"https:\/\/academiaestudi.com\/es\/cursos-en-el-extranjero\/#breadcrumb"},"inLanguage":"es","potentialAction":[{"@type":"ReadAction","target":["https:\/\/academiaestudi.com\/es\/cursos-en-el-extranjero\/"]}]},{"@type":"ImageObject","inLanguage":"es","@id":"https:\/\/academiaestudi.com\/es\/cursos-en-el-extranjero\/#primaryimage","url":"http:\/\/academiaestudi.disstintbeta.com\/wp-content\/uploads\/2025\/10\/cursos-estranger.webp","contentUrl":"http:\/\/academiaestudi.disstintbeta.com\/wp-content\/uploads\/2025\/10\/cursos-estranger.webp"},{"@type":"BreadcrumbList","@id":"https:\/\/academiaestudi.com\/es\/cursos-en-el-extranjero\/#breadcrumb","itemListElement":[{"@type":"ListItem","position":1,"name":"Portada","item":"https:\/\/academiaestudi.com\/es\/"},{"@type":"ListItem","position":2,"name":"Cursos en el extranjero"}]},{"@type":"WebSite","@id":"https:\/\/academiaestudi.com\/es\/#website","url":"https:\/\/academiaestudi.com\/es\/","name":"Acad\u00e8mia Estudi","description":"","publisher":{"@id":"https:\/\/academiaestudi.com\/es\/#organization"},"potentialAction":[{"@type":"SearchAction","target":{"@type":"EntryPoint","urlTemplate":"https:\/\/academiaestudi.com\/es\/?s={search_term_string}"},"query-input":{"@type":"PropertyValueSpecification","valueRequired":true,"valueName":"search_term_string"}}],"inLanguage":"es"},{"@type":"Organization","@id":"https:\/\/academiaestudi.com\/es\/#organization","name":"Acad\u00e8mia Estudi","url":"https:\/\/academiaestudi.com\/es\/","logo":{"@type":"ImageObject","inLanguage":"es","@id":"https:\/\/academiaestudi.com\/es\/#\/schema\/logo\/image\/","url":"https:\/\/academiaestudi.com\/wp-content\/uploads\/2025\/09\/logo.svg","contentUrl":"https:\/\/academiaestudi.com\/wp-content\/uploads\/2025\/09\/logo.svg","width":234,"height":80,"caption":"Acad\u00e8mia Estudi"},"image":{"@id":"https:\/\/academiaestudi.com\/es\/#\/schema\/logo\/image\/"}}]}},"_links":{"self":[{"href":"https:\/\/academiaestudi.com\/es\/wp-json\/wp\/v2\/pages\/604","targetHints":{"allow":["GET"]}}],"collection":[{"href":"https:\/\/academiaestudi.com\/es\/wp-json\/wp\/v2\/pages"}],"about":[{"href":"https:\/\/academiaestudi.com\/es\/wp-json\/wp\/v2\/types\/page"}],"author":[{"embeddable":true,"href":"https:\/\/academiaestudi.com\/es\/wp-json\/wp\/v2\/users\/1"}],"replies":[{"embeddable":true,"href":"https:\/\/academiaestudi.com\/es\/wp-json\/wp\/v2\/comments?post=604"}],"version-history":[{"count":1,"href":"https:\/\/academiaestudi.com\/es\/wp-json\/wp\/v2\/pages\/604\/revisions"}],"predecessor-version":[{"id":605,"href":"https:\/\/academiaestudi.com\/es\/wp-json\/wp\/v2\/pages\/604\/revisions\/605"}],"wp:attachment":[{"href":"https:\/\/academiaestudi.com\/es\/wp-json\/wp\/v2\/media?parent=604"}],"curies":[{"name":"wp","href":"https:\/\/api.w.org\/{rel}","templated":true}]}}