{"id":612,"date":"2025-10-03T09:10:26","date_gmt":"2025-10-03T07:10:26","guid":{"rendered":"http:\/\/academiaestudi.disstintbeta.com\/contacto\/"},"modified":"2025-10-23T17:06:51","modified_gmt":"2025-10-23T15:06:51","slug":"contacto","status":"publish","type":"page","link":"https:\/\/academiaestudi.com\/es\/contacto\/","title":{"rendered":"Contacto"},"content":{"rendered":"\t\t<div data-elementor-type=\"wp-page\" data-elementor-id=\"612\" class=\"elementor elementor-612 elementor-297\" data-elementor-post-type=\"page\">\n\t\t\t\t<div class=\"elementor-element elementor-element-86f7f7f e-flex e-con-boxed e-con e-parent\" data-id=\"86f7f7f\" data-element_type=\"container\" data-settings=\"{&quot;background_background&quot;:&quot;classic&quot;}\">\n\t\t\t\t\t<div class=\"e-con-inner\">\n\t\t<div class=\"elementor-element elementor-element-248e0ad e-con-full e-flex e-con e-child\" data-id=\"248e0ad\" data-element_type=\"container\">\n\t\t\t\t<div class=\"elementor-element elementor-element-064e700 elementor-widget elementor-widget-heading\" data-id=\"064e700\" data-element_type=\"widget\" data-widget_type=\"heading.default\">\n\t\t\t\t\t<h1 class=\"elementor-heading-title elementor-size-default\">Contacto<\/h1>\t\t\t\t<\/div>\n\t\t\t\t<div class=\"elementor-element elementor-element-35c19ad elementor-widget elementor-widget-text-editor\" data-id=\"35c19ad\" data-element_type=\"widget\" data-widget_type=\"text-editor.default\">\n\t\t\t\t\t\t\t\t\t<p>Puedes contactar con nosotros por tel\u00e9fono, correo electr\u00f3nico o WhatsApp. Tambi\u00e9n nos encontrar\u00e1s en nuestro centro de Sa Pobla.<\/p>\t\t\t\t\t\t\t\t<\/div>\n\t\t\t\t<\/div>\n\t\t<div class=\"elementor-element elementor-element-5aa8bdf e-con-full e-flex e-con e-child\" data-id=\"5aa8bdf\" data-element_type=\"container\">\n\t\t\t\t<div class=\"elementor-element elementor-element-bd64d4d elementor-widget elementor-widget-heading\" data-id=\"bd64d4d\" data-element_type=\"widget\" data-widget_type=\"heading.default\">\n\t\t\t\t\t<h2 class=\"elementor-heading-title elementor-size-default\">Datos de contacto<\/h2>\t\t\t\t<\/div>\n\t\t\t\t<\/div>\n\t\t<div class=\"elementor-element elementor-element-dee2ae0 e-con-full contacte e-flex e-con e-child\" data-id=\"dee2ae0\" data-element_type=\"container\">\n\t\t<div class=\"elementor-element elementor-element-171b1e5 e-con-full e-flex e-con e-child\" data-id=\"171b1e5\" data-element_type=\"container\">\n\t\t\t\t<div class=\"elementor-element elementor-element-2e7f6ef elementor-position-left elementor-view-default elementor-mobile-position-top elementor-widget elementor-widget-icon-box\" data-id=\"2e7f6ef\" data-element_type=\"widget\" data-widget_type=\"icon-box.default\">\n\t\t\t\t\t\t\t<div class=\"elementor-icon-box-wrapper\">\n\n\t\t\t\t\t\t<div class=\"elementor-icon-box-icon\">\n\t\t\t\t<span  class=\"elementor-icon\">\n\t\t\t\t<svg xmlns=\"http:\/\/www.w3.org\/2000\/svg\" width=\"30\" height=\"30\" viewBox=\"0 0 30 30\" fill=\"none\"><path d=\"M25 12.5C25 18.7413 18.0762 25.2412 15.7512 27.2487C15.5347 27.4116 15.271 27.4997 15 27.4997C14.729 27.4997 14.4653 27.4116 14.2488 27.2487C11.9238 25.2412 5 18.7413 5 12.5C5 9.84784 6.05357 7.3043 7.92893 5.42893C9.8043 3.55357 12.3478 2.5 15 2.5C17.6522 2.5 20.1957 3.55357 22.0711 5.42893C23.9464 7.3043 25 9.84784 25 12.5Z\" stroke=\"black\" stroke-width=\"2.5\" stroke-linecap=\"round\" stroke-linejoin=\"round\"><\/path><path d=\"M15 16.25C17.0711 16.25 18.75 14.5711 18.75 12.5C18.75 10.4289 17.0711 8.75 15 8.75C12.9289 8.75 11.25 10.4289 11.25 12.5C11.25 14.5711 12.9289 16.25 15 16.25Z\" stroke=\"black\" stroke-width=\"2.5\" stroke-linecap=\"round\" stroke-linejoin=\"round\"><\/path><\/svg>\t\t\t\t<\/span>\n\t\t\t<\/div>\n\t\t\t\n\t\t\t\t\t\t<div class=\"elementor-icon-box-content\">\n\n\t\t\t\t\n\t\t\t\t\t\t\t\t\t<p class=\"elementor-icon-box-description\">\n\t\t\t\t\t\tDirecci\u00f3n\t\t\t\t\t<\/p>\n\t\t\t\t\n\t\t\t<\/div>\n\t\t\t\n\t\t<\/div>\n\t\t\t\t\t\t<\/div>\n\t\t\t\t<div class=\"elementor-element elementor-element-78d7a45 elementor-widget elementor-widget-text-editor\" data-id=\"78d7a45\" data-element_type=\"widget\" data-widget_type=\"text-editor.default\">\n\t\t\t\t\t\t\t\t\t<p><a href=\"https:\/\/maps.app.goo.gl\/jXHuTLQ3yiXXtr8z5\" target=\"_blank\" rel=\"noopener\">Calle General Marzo, 48 07420 Sa Pobla, Islas Baleares<\/a><\/p>\t\t\t\t\t\t\t\t<\/div>\n\t\t\t\t<\/div>\n\t\t<div class=\"elementor-element elementor-element-493b9df e-con-full e-flex e-con e-child\" data-id=\"493b9df\" data-element_type=\"container\">\n\t\t\t\t<div class=\"elementor-element elementor-element-b4e5a55 elementor-position-left elementor-view-default elementor-mobile-position-top elementor-widget elementor-widget-icon-box\" data-id=\"b4e5a55\" data-element_type=\"widget\" data-widget_type=\"icon-box.default\">\n\t\t\t\t\t\t\t<div class=\"elementor-icon-box-wrapper\">\n\n\t\t\t\t\t\t<div class=\"elementor-icon-box-icon\">\n\t\t\t\t<span  class=\"elementor-icon\">\n\t\t\t\t<svg xmlns=\"http:\/\/www.w3.org\/2000\/svg\" width=\"30\" height=\"30\" viewBox=\"0 0 30 30\" fill=\"none\"><path d=\"M17.29 20.71C17.5482 20.8286 17.839 20.8556 18.1146 20.7868C18.3902 20.718 18.6342 20.5573 18.8063 20.3312L19.25 19.75C19.4829 19.4395 19.7848 19.1875 20.132 19.0139C20.4791 18.8404 20.8619 18.75 21.25 18.75H25C25.663 18.75 26.2989 19.0134 26.7678 19.4822C27.2366 19.9511 27.5 20.587 27.5 21.25V25C27.5 25.663 27.2366 26.2989 26.7678 26.7678C26.2989 27.2366 25.663 27.5 25 27.5C19.0326 27.5 13.3097 25.1295 9.0901 20.9099C4.87053 16.6903 2.5 10.9674 2.5 5C2.5 4.33696 2.76339 3.70107 3.23223 3.23223C3.70107 2.76339 4.33696 2.5 5 2.5H8.75C9.41304 2.5 10.0489 2.76339 10.5178 3.23223C10.9866 3.70107 11.25 4.33696 11.25 5V8.75C11.25 9.13811 11.1596 9.5209 10.9861 9.86803C10.8125 10.2152 10.5605 10.5171 10.25 10.75L9.665 11.1888C9.43552 11.364 9.27377 11.6132 9.20724 11.8942C9.1407 12.1751 9.17348 12.4705 9.3 12.73C11.0084 16.1998 13.818 19.006 17.29 20.71Z\" stroke=\"black\" stroke-width=\"2.5\" stroke-linecap=\"round\" stroke-linejoin=\"round\"><\/path><\/svg>\t\t\t\t<\/span>\n\t\t\t<\/div>\n\t\t\t\n\t\t\t\t\t\t<div class=\"elementor-icon-box-content\">\n\n\t\t\t\t\t\t\t\t\t<h3 class=\"elementor-icon-box-title\">\n\t\t\t\t\t\t<span  >\n\t\t\t\t\t\t\tTel\u00e9fono\t\t\t\t\t\t<\/span>\n\t\t\t\t\t<\/h3>\n\t\t\t\t\n\t\t\t\t\n\t\t\t<\/div>\n\t\t\t\n\t\t<\/div>\n\t\t\t\t\t\t<\/div>\n\t\t\t\t<div class=\"elementor-element elementor-element-d1d2f95 elementor-widget elementor-widget-text-editor\" data-id=\"d1d2f95\" data-element_type=\"widget\" data-widget_type=\"text-editor.default\">\n\t\t\t\t\t\t\t\t\t<p><a href=\"tel:662360420\" target=\"_blank\" rel=\"noopener\">662360420<\/a> &#8211; <a href=\"tel:971862736\" target=\"_blank\" rel=\"noopener\">971862736<\/a><\/p>\t\t\t\t\t\t\t\t<\/div>\n\t\t\t\t<\/div>\n\t\t\t\t<\/div>\n\t\t<div class=\"elementor-element elementor-element-61d5ace e-con-full contacte e-flex e-con e-child\" data-id=\"61d5ace\" data-element_type=\"container\">\n\t\t<div class=\"elementor-element elementor-element-38ad9a2 e-con-full e-flex e-con e-child\" data-id=\"38ad9a2\" data-element_type=\"container\">\n\t\t\t\t<div class=\"elementor-element elementor-element-adc5a3e elementor-position-left elementor-view-default elementor-mobile-position-top elementor-widget elementor-widget-icon-box\" data-id=\"adc5a3e\" data-element_type=\"widget\" data-widget_type=\"icon-box.default\">\n\t\t\t\t\t\t\t<div class=\"elementor-icon-box-wrapper\">\n\n\t\t\t\t\t\t<div class=\"elementor-icon-box-icon\">\n\t\t\t\t<span  class=\"elementor-icon\">\n\t\t\t\t<svg xmlns=\"http:\/\/www.w3.org\/2000\/svg\" width=\"30\" height=\"30\" viewBox=\"0 0 30 30\" fill=\"none\"><g clip-path=\"url(#clip0_17637_8913)\"><path d=\"M22.1985 17.2383C22.14 17.2102 19.9529 16.1333 19.5643 15.9934C19.4056 15.9364 19.2357 15.8808 19.0549 15.8808C18.7596 15.8808 18.5115 16.028 18.3182 16.3171C18.0998 16.6418 17.4384 17.4149 17.234 17.6458C17.2073 17.6763 17.1709 17.7127 17.1491 17.7127C17.1295 17.7127 16.791 17.5734 16.6886 17.5289C14.3424 16.5097 12.5616 14.059 12.3174 13.6457C12.2826 13.5863 12.2811 13.5593 12.2808 13.5593C12.2894 13.5278 12.3683 13.4488 12.409 13.4079C12.5281 13.2901 12.6572 13.1347 12.7821 12.9844C12.8412 12.9132 12.9004 12.8419 12.9585 12.7747C13.1397 12.5639 13.2204 12.4003 13.3139 12.2108L13.3629 12.1123C13.5912 11.6587 13.3962 11.2759 13.3332 11.1523C13.2814 11.0489 12.358 8.82009 12.2598 8.58593C12.0237 8.0209 11.7117 7.75781 11.2782 7.75781C11.2379 7.75781 11.2782 7.75781 11.1095 7.76492C10.904 7.77359 9.78537 7.92086 9.29076 8.23265C8.76624 8.56333 7.87891 9.61742 7.87891 11.4712C7.87891 13.1396 8.93767 14.7149 9.39225 15.314C9.40355 15.3291 9.4243 15.3598 9.45439 15.4038C11.1953 17.9462 13.3655 19.8304 15.5655 20.7092C17.6835 21.5553 18.6865 21.6531 19.2567 21.6531H19.2568C19.4964 21.6531 19.6882 21.6343 19.8574 21.6176L19.9647 21.6074C20.6964 21.5425 22.3043 20.7093 22.6701 19.6929C22.9582 18.8924 23.0342 18.0177 22.8425 17.7003C22.7112 17.4844 22.4849 17.3758 22.1985 17.2383Z\" fill=\"black\"><\/path><path d=\"M15.2663 0C7.14134 0 0.531211 6.56045 0.531211 14.6243C0.531211 17.2325 1.2292 19.7855 2.55144 22.0199L0.0206267 29.4853C-0.0265161 29.6245 0.0085488 29.7784 0.111503 29.8832C0.185822 29.9591 0.286633 30 0.389588 30C0.429036 30 0.468776 29.9941 0.507542 29.9817L8.29196 27.508C10.4222 28.6462 12.8298 29.247 15.2664 29.247C23.3905 29.2471 30 22.6873 30 14.6243C30 6.56045 23.3905 0 15.2663 0ZM15.2663 26.2007C12.9735 26.2007 10.7528 25.5387 8.84394 24.2861C8.77975 24.2439 8.70524 24.2223 8.63024 24.2223C8.59059 24.2223 8.55085 24.2283 8.51219 24.2406L4.61267 25.4801L5.8715 21.7663C5.91222 21.6461 5.89186 21.5135 5.81686 21.411C4.36322 19.4248 3.59482 17.0781 3.59482 14.6243C3.59482 8.24026 8.8306 3.04636 15.2662 3.04636C21.701 3.04636 26.9362 8.24026 26.9362 14.6243C26.9363 21.0076 21.7012 26.2007 15.2663 26.2007Z\" fill=\"black\"><\/path><\/g><defs><clipPath id=\"clip0_17637_8913\"><rect width=\"30\" height=\"30\" fill=\"white\"><\/rect><\/clipPath><\/defs><\/svg>\t\t\t\t<\/span>\n\t\t\t<\/div>\n\t\t\t\n\t\t\t\t\t\t<div class=\"elementor-icon-box-content\">\n\n\t\t\t\t\n\t\t\t\t\t\t\t\t\t<p class=\"elementor-icon-box-description\">\n\t\t\t\t\t\tWhatsApp\t\t\t\t\t<\/p>\n\t\t\t\t\n\t\t\t<\/div>\n\t\t\t\n\t\t<\/div>\n\t\t\t\t\t\t<\/div>\n\t\t\t\t<div class=\"elementor-element elementor-element-4cf5f9b elementor-widget elementor-widget-text-editor\" data-id=\"4cf5f9b\" data-element_type=\"widget\" data-widget_type=\"text-editor.default\">\n\t\t\t\t\t\t\t\t\t<p><a href=\"https:\/\/wa.me\/34662360420\" target=\"_blank\" rel=\"noopener\">662 36 04 20<\/a><\/p>\t\t\t\t\t\t\t\t<\/div>\n\t\t\t\t<\/div>\n\t\t<div class=\"elementor-element elementor-element-85a552c e-con-full e-flex e-con e-child\" data-id=\"85a552c\" data-element_type=\"container\">\n\t\t\t\t<div class=\"elementor-element elementor-element-054eeb9 elementor-position-left elementor-view-default elementor-mobile-position-top elementor-widget elementor-widget-icon-box\" data-id=\"054eeb9\" data-element_type=\"widget\" data-widget_type=\"icon-box.default\">\n\t\t\t\t\t\t\t<div class=\"elementor-icon-box-wrapper\">\n\n\t\t\t\t\t\t<div class=\"elementor-icon-box-icon\">\n\t\t\t\t<span  class=\"elementor-icon\">\n\t\t\t\t<svg xmlns=\"http:\/\/www.w3.org\/2000\/svg\" width=\"30\" height=\"30\" viewBox=\"0 0 30 30\" fill=\"none\"><path d=\"M27.5 8.75L16.2612 15.9088C15.8799 16.1303 15.4467 16.2469 15.0056 16.2469C14.5646 16.2469 14.1314 16.1303 13.75 15.9088L2.5 8.75\" stroke=\"black\" stroke-width=\"2.5\" stroke-linecap=\"round\" stroke-linejoin=\"round\"><\/path><path d=\"M25 5H5C3.61929 5 2.5 6.11929 2.5 7.5V22.5C2.5 23.8807 3.61929 25 5 25H25C26.3807 25 27.5 23.8807 27.5 22.5V7.5C27.5 6.11929 26.3807 5 25 5Z\" stroke=\"black\" stroke-width=\"2.5\" stroke-linecap=\"round\" stroke-linejoin=\"round\"><\/path><\/svg>\t\t\t\t<\/span>\n\t\t\t<\/div>\n\t\t\t\n\t\t\t\t\t\t<div class=\"elementor-icon-box-content\">\n\n\t\t\t\t\n\t\t\t\t\t\t\t\t\t<p class=\"elementor-icon-box-description\">\n\t\t\t\t\t\tCorreo electr\u00f3nico:\t\t\t\t\t<\/p>\n\t\t\t\t\n\t\t\t<\/div>\n\t\t\t\n\t\t<\/div>\n\t\t\t\t\t\t<\/div>\n\t\t\t\t<div class=\"elementor-element elementor-element-2536314 elementor-widget elementor-widget-text-editor\" data-id=\"2536314\" data-element_type=\"widget\" data-widget_type=\"text-editor.default\">\n\t\t\t\t\t\t\t\t\t<p><a href=\"mailto:info@academiaestudi.com\" target=\"_blank\" rel=\"noopener\">info@academiaestudi.com<\/a><\/p>\t\t\t\t\t\t\t\t<\/div>\n\t\t\t\t<\/div>\n\t\t\t\t<\/div>\n\t\t<div class=\"elementor-element elementor-element-0cda2de e-con-full e-flex e-con e-child\" data-id=\"0cda2de\" data-element_type=\"container\">\n\t\t\t\t<div class=\"elementor-element elementor-element-430d3da elementor-widget elementor-widget-heading\" data-id=\"430d3da\" data-element_type=\"widget\" data-widget_type=\"heading.default\">\n\t\t\t\t\t<h2 class=\"elementor-heading-title elementor-size-default\">Horario de atenci\u00f3n<\/h2>\t\t\t\t<\/div>\n\t\t\t\t<div class=\"elementor-element elementor-element-7306e25 elementor-widget elementor-widget-text-editor\" data-id=\"7306e25\" data-element_type=\"widget\" data-widget_type=\"text-editor.default\">\n\t\t\t\t\t\t\t\t\t<p>Lunes y mi\u00e9rcoles de 15:00 a 20:15h.<\/p><p>Martes y jueves de 15:00 a 19:15h.<\/p><p>Viernes de 15:00 a 18:15h.<\/p>\t\t\t\t\t\t\t\t<\/div>\n\t\t\t\t<\/div>\n\t\t<div class=\"elementor-element elementor-element-172c18d e-con-full e-flex e-con e-child\" data-id=\"172c18d\" data-element_type=\"container\">\n\t\t\t\t<div class=\"elementor-element elementor-element-ad500bf elementor-widget elementor-widget-heading\" data-id=\"ad500bf\" data-element_type=\"widget\" data-widget_type=\"heading.default\">\n\t\t\t\t\t<h2 class=\"elementor-heading-title elementor-size-default\">Redes sociales<\/h2>\t\t\t\t<\/div>\n\t\t\t\t<div class=\"elementor-element elementor-element-23cf913 elementor-widget elementor-widget-text-editor\" data-id=\"23cf913\" data-element_type=\"widget\" data-widget_type=\"text-editor.default\">\n\t\t\t\t\t\t\t\t\t<p>\u00a1S\u00edguenos para estar al d\u00eda de todas las novedades, talleres y actividades!<\/p>\t\t\t\t\t\t\t\t<\/div>\n\t\t\t\t<div class=\"elementor-element elementor-element-b195649 elementor-shape-square e-grid-align-left elementor-grid-0 elementor-widget elementor-widget-social-icons\" data-id=\"b195649\" data-element_type=\"widget\" data-widget_type=\"social-icons.default\">\n\t\t\t\t\t\t\t<div class=\"elementor-social-icons-wrapper elementor-grid\" role=\"list\">\n\t\t\t\t\t\t\t<span class=\"elementor-grid-item\" role=\"listitem\">\n\t\t\t\t\t<a class=\"elementor-icon elementor-social-icon elementor-social-icon- elementor-repeater-item-93a4e9a\" href=\"https:\/\/www.instagram.com\/academia_estudi\/\" target=\"_blank\">\n\t\t\t\t\t\t<span class=\"elementor-screen-only\"><\/span>\n\t\t\t\t\t\t<svg xmlns=\"http:\/\/www.w3.org\/2000\/svg\" width=\"30\" height=\"31\" viewBox=\"0 0 30 31\" fill=\"none\"><g clip-path=\"url(#clip0_17520_891)\"><path d=\"M15 2.97594C19.005 2.97594 19.48 2.99094 21.0613 3.06344C22.6963 3.13844 24.38 3.51094 25.5713 4.70219C26.7738 5.90469 27.135 7.57219 27.21 9.21219C27.2825 10.7934 27.2975 11.2684 27.2975 15.2734C27.2975 19.2784 27.2825 19.7534 27.21 21.3347C27.1362 22.9609 26.755 24.6609 25.5713 25.8447C24.3688 27.0472 22.7025 27.4084 21.0613 27.4834C19.48 27.5559 19.005 27.5709 15 27.5709C10.995 27.5709 10.52 27.5559 8.93875 27.4834C7.325 27.4097 5.6025 27.0197 4.42875 25.8447C3.2325 24.6484 2.865 22.9647 2.79 21.3347C2.7175 19.7534 2.7025 19.2784 2.7025 15.2734C2.7025 11.2684 2.7175 10.7934 2.79 9.21219C2.86375 7.59219 3.24875 5.88219 4.42875 4.70219C5.62875 3.50219 7.3025 3.13844 8.93875 3.06344C10.52 2.99094 10.995 2.97594 15 2.97594ZM15 0.273438C10.9262 0.273438 10.415 0.290937 8.815 0.363437C6.49625 0.469687 4.19375 1.11469 2.5175 2.79094C0.835 4.47344 0.19625 6.77094 0.09 9.08844C0.0175 10.6884 0 11.1997 0 15.2734C0 19.3472 0.0175 19.8584 0.09 21.4584C0.19625 23.7747 0.84375 26.0834 2.5175 27.7559C4.19875 29.4372 6.5 30.0772 8.815 30.1834C10.415 30.2559 10.9262 30.2734 15 30.2734C19.0737 30.2734 19.585 30.2559 21.185 30.1834C23.5025 30.0772 25.8075 29.4309 27.4825 27.7559C29.1663 26.0722 29.8037 23.7759 29.91 21.4584C29.9825 19.8584 30 19.3472 30 15.2734C30 11.1997 29.9825 10.6884 29.91 9.08844C29.8037 6.76969 29.1575 4.46594 27.4825 2.79094C25.8037 1.11219 23.4963 0.468437 21.185 0.363437C19.585 0.290937 19.0737 0.273438 15 0.273438Z\" fill=\"#1C1C1A\"><\/path><path d=\"M15.0001 7.57031C10.7464 7.57031 7.29761 11.0191 7.29761 15.2728C7.29761 19.5266 10.7464 22.9753 15.0001 22.9753C19.2539 22.9753 22.7026 19.5266 22.7026 15.2728C22.7026 11.0191 19.2539 7.57031 15.0001 7.57031ZM15.0001 20.2728C12.2389 20.2728 10.0001 18.0341 10.0001 15.2728C10.0001 12.5116 12.2389 10.2728 15.0001 10.2728C17.7614 10.2728 20.0001 12.5116 20.0001 15.2728C20.0001 18.0341 17.7614 20.2728 15.0001 20.2728Z\" fill=\"#1C1C1A\"><\/path><path d=\"M23.0075 9.06484C24.0016 9.06484 24.8075 8.25896 24.8075 7.26484C24.8075 6.27073 24.0016 5.46484 23.0075 5.46484C22.0134 5.46484 21.2075 6.27073 21.2075 7.26484C21.2075 8.25896 22.0134 9.06484 23.0075 9.06484Z\" fill=\"#1C1C1A\"><\/path><\/g><defs><clipPath id=\"clip0_17520_891\"><rect width=\"30\" height=\"30\" fill=\"white\" transform=\"translate(0 0.273438)\"><\/rect><\/clipPath><\/defs><\/svg>\t\t\t\t\t<\/a>\n\t\t\t\t<\/span>\n\t\t\t\t\t\t\t<span class=\"elementor-grid-item\" role=\"listitem\">\n\t\t\t\t\t<a class=\"elementor-icon elementor-social-icon elementor-social-icon- elementor-repeater-item-c935a7f\" href=\"https:\/\/www.facebook.com\/Academiaestudi\/\" target=\"_blank\">\n\t\t\t\t\t\t<span class=\"elementor-screen-only\"><\/span>\n\t\t\t\t\t\t<svg xmlns=\"http:\/\/www.w3.org\/2000\/svg\" width=\"30\" height=\"31\" viewBox=\"0 0 30 31\" fill=\"none\"><g clip-path=\"url(#clip0_17520_897)\"><path d=\"M30 15.3633C30 22.8495 24.5075 29.0558 17.3375 30.182V19.7283H20.8237L21.4875 15.4033H17.3375V12.597C17.3375 11.4133 17.9175 10.2608 19.775 10.2608H21.6613V6.57828C21.6613 6.57828 19.9487 6.28578 18.3125 6.28578C14.895 6.28578 12.6625 8.35703 12.6625 12.1058V15.402H8.86375V19.727H12.6625V30.1808C5.49375 29.0533 0 22.8483 0 15.3633C0 7.07953 6.71625 0.363281 15 0.363281C23.2838 0.363281 30 7.07828 30 15.3633Z\" fill=\"#1C1C1A\"><\/path><\/g><defs><clipPath id=\"clip0_17520_897\"><rect width=\"30\" height=\"30\" fill=\"white\" transform=\"translate(0 0.273438)\"><\/rect><\/clipPath><\/defs><\/svg>\t\t\t\t\t<\/a>\n\t\t\t\t<\/span>\n\t\t\t\t\t<\/div>\n\t\t\t\t\t\t<\/div>\n\t\t\t\t<\/div>\n\t\t<div class=\"elementor-element elementor-element-3cf3098 e-con-full e-flex e-con e-child\" data-id=\"3cf3098\" data-element_type=\"container\">\n\t\t\t\t<div class=\"elementor-element elementor-element-bf1a281 elementor-widget elementor-widget-heading\" data-id=\"bf1a281\" data-element_type=\"widget\" data-widget_type=\"heading.default\">\n\t\t\t\t\t<h2 class=\"elementor-heading-title elementor-size-default\">C\u00f3mo llegar<\/h2>\t\t\t\t<\/div>\n\t\t\t\t<div class=\"elementor-element elementor-element-1088173 elementor-widget elementor-widget-html\" data-id=\"1088173\" data-element_type=\"widget\" data-widget_type=\"html.default\">\n\t\t\t\t\t<iframe src=\"https:\/\/www.google.com\/maps\/embed?pb=!1m18!1m12!1m3!1d3637.6928069429755!2d3.0118034890897407!3d39.76922862145165!2m3!1f0!2f0!3f0!3m2!1i1024!2i768!4f3.1!3m3!1m2!1s0x1297ce07c93b9d07%3A0x580c7555a0baab19!2sAcad%C3%A8mia%20Estudi!5e1!3m2!1ses!2ses!4v1759476475407!5m2!1ses!2ses\" width=\"600\" height=\"550\" style=\"border:0;\" allowfullscreen=\"\" loading=\"lazy\" referrerpolicy=\"no-referrer-when-downgrade\"><\/iframe>\t\t\t\t<\/div>\n\t\t\t\t<\/div>\n\t\t\t\t\t<\/div>\n\t\t\t\t<\/div>\n\t\t\t\t<\/div>\n\t\t","protected":false},"excerpt":{"rendered":"<p>Contacto Puedes contactar con nosotros por tel\u00e9fono, correo electr\u00f3nico o WhatsApp. Tambi\u00e9n nos encontrar\u00e1s en nuestro centro de Sa Pobla. Datos de contacto Direcci\u00f3n Calle General Marzo, 48 07420 Sa Pobla, Islas Baleares Tel\u00e9fono 662360420 &#8211; 971862736 WhatsApp 662 36 04 20 Correo electr\u00f3nico: info@academiaestudi.com Horario de atenci\u00f3n Lunes y mi\u00e9rcoles de 15:00 a 20:15h. [&hellip;]<\/p>\n","protected":false},"author":1,"featured_media":0,"parent":0,"menu_order":0,"comment_status":"closed","ping_status":"closed","template":"","meta":{"footnotes":""},"class_list":["post-612","page","type-page","status-publish","hentry"],"yoast_head":"<!-- This site is optimized with the Yoast SEO plugin v26.3 - https:\/\/yoast.com\/wordpress\/plugins\/seo\/ -->\n<title>Contacto | Academia Estudi Sa Pobla<\/title>\n<meta name=\"description\" content=\"Ll\u00e1manos, escr\u00edbenos o vis\u00edtanos en Sa Pobla. Te resolveremos cualquier duda sobre nuestros cursos.\" \/>\n<meta name=\"robots\" content=\"index, follow, max-snippet:-1, max-image-preview:large, max-video-preview:-1\" \/>\n<link rel=\"canonical\" href=\"https:\/\/academiaestudi.com\/es\/contacto\/\" \/>\n<meta property=\"og:locale\" content=\"es_ES\" \/>\n<meta property=\"og:type\" content=\"article\" \/>\n<meta property=\"og:title\" content=\"Contacto | Academia Estudi Sa Pobla\" \/>\n<meta property=\"og:description\" content=\"Ll\u00e1manos, escr\u00edbenos o vis\u00edtanos en Sa Pobla. Te resolveremos cualquier duda sobre nuestros cursos.\" \/>\n<meta property=\"og:url\" content=\"https:\/\/academiaestudi.com\/es\/contacto\/\" \/>\n<meta property=\"og:site_name\" content=\"Acad\u00e8mia Estudi\" \/>\n<meta property=\"article:modified_time\" content=\"2025-10-23T15:06:51+00:00\" \/>\n<meta name=\"twitter:card\" content=\"summary_large_image\" \/>\n<script type=\"application\/ld+json\" class=\"yoast-schema-graph\">{\"@context\":\"https:\/\/schema.org\",\"@graph\":[{\"@type\":\"WebPage\",\"@id\":\"https:\/\/academiaestudi.com\/es\/contacto\/\",\"url\":\"https:\/\/academiaestudi.com\/es\/contacto\/\",\"name\":\"Contacto | Academia Estudi Sa Pobla\",\"isPartOf\":{\"@id\":\"https:\/\/academiaestudi.com\/es\/#website\"},\"datePublished\":\"2025-10-03T07:10:26+00:00\",\"dateModified\":\"2025-10-23T15:06:51+00:00\",\"description\":\"Ll\u00e1manos, escr\u00edbenos o vis\u00edtanos en Sa Pobla. Te resolveremos cualquier duda sobre nuestros cursos.\",\"breadcrumb\":{\"@id\":\"https:\/\/academiaestudi.com\/es\/contacto\/#breadcrumb\"},\"inLanguage\":\"es\",\"potentialAction\":[{\"@type\":\"ReadAction\",\"target\":[\"https:\/\/academiaestudi.com\/es\/contacto\/\"]}]},{\"@type\":\"BreadcrumbList\",\"@id\":\"https:\/\/academiaestudi.com\/es\/contacto\/#breadcrumb\",\"itemListElement\":[{\"@type\":\"ListItem\",\"position\":1,\"name\":\"Portada\",\"item\":\"https:\/\/academiaestudi.com\/es\/\"},{\"@type\":\"ListItem\",\"position\":2,\"name\":\"Contacto\"}]},{\"@type\":\"WebSite\",\"@id\":\"https:\/\/academiaestudi.com\/es\/#website\",\"url\":\"https:\/\/academiaestudi.com\/es\/\",\"name\":\"Acad\u00e8mia Estudi\",\"description\":\"\",\"publisher\":{\"@id\":\"https:\/\/academiaestudi.com\/es\/#organization\"},\"potentialAction\":[{\"@type\":\"SearchAction\",\"target\":{\"@type\":\"EntryPoint\",\"urlTemplate\":\"https:\/\/academiaestudi.com\/es\/?s={search_term_string}\"},\"query-input\":{\"@type\":\"PropertyValueSpecification\",\"valueRequired\":true,\"valueName\":\"search_term_string\"}}],\"inLanguage\":\"es\"},{\"@type\":\"Organization\",\"@id\":\"https:\/\/academiaestudi.com\/es\/#organization\",\"name\":\"Acad\u00e8mia Estudi\",\"url\":\"https:\/\/academiaestudi.com\/es\/\",\"logo\":{\"@type\":\"ImageObject\",\"inLanguage\":\"es\",\"@id\":\"https:\/\/academiaestudi.com\/es\/#\/schema\/logo\/image\/\",\"url\":\"https:\/\/academiaestudi.com\/wp-content\/uploads\/2025\/09\/logo.svg\",\"contentUrl\":\"https:\/\/academiaestudi.com\/wp-content\/uploads\/2025\/09\/logo.svg\",\"width\":234,\"height\":80,\"caption\":\"Acad\u00e8mia Estudi\"},\"image\":{\"@id\":\"https:\/\/academiaestudi.com\/es\/#\/schema\/logo\/image\/\"}}]}<\/script>\n<!-- \/ Yoast SEO plugin. -->","yoast_head_json":{"title":"Contacto | Academia Estudi Sa Pobla","description":"Ll\u00e1manos, escr\u00edbenos o vis\u00edtanos en Sa Pobla. Te resolveremos cualquier duda sobre nuestros cursos.","robots":{"index":"index","follow":"follow","max-snippet":"max-snippet:-1","max-image-preview":"max-image-preview:large","max-video-preview":"max-video-preview:-1"},"canonical":"https:\/\/academiaestudi.com\/es\/contacto\/","og_locale":"es_ES","og_type":"article","og_title":"Contacto | Academia Estudi Sa Pobla","og_description":"Ll\u00e1manos, escr\u00edbenos o vis\u00edtanos en Sa Pobla. Te resolveremos cualquier duda sobre nuestros cursos.","og_url":"https:\/\/academiaestudi.com\/es\/contacto\/","og_site_name":"Acad\u00e8mia Estudi","article_modified_time":"2025-10-23T15:06:51+00:00","twitter_card":"summary_large_image","schema":{"@context":"https:\/\/schema.org","@graph":[{"@type":"WebPage","@id":"https:\/\/academiaestudi.com\/es\/contacto\/","url":"https:\/\/academiaestudi.com\/es\/contacto\/","name":"Contacto | Academia Estudi Sa Pobla","isPartOf":{"@id":"https:\/\/academiaestudi.com\/es\/#website"},"datePublished":"2025-10-03T07:10:26+00:00","dateModified":"2025-10-23T15:06:51+00:00","description":"Ll\u00e1manos, escr\u00edbenos o vis\u00edtanos en Sa Pobla. Te resolveremos cualquier duda sobre nuestros cursos.","breadcrumb":{"@id":"https:\/\/academiaestudi.com\/es\/contacto\/#breadcrumb"},"inLanguage":"es","potentialAction":[{"@type":"ReadAction","target":["https:\/\/academiaestudi.com\/es\/contacto\/"]}]},{"@type":"BreadcrumbList","@id":"https:\/\/academiaestudi.com\/es\/contacto\/#breadcrumb","itemListElement":[{"@type":"ListItem","position":1,"name":"Portada","item":"https:\/\/academiaestudi.com\/es\/"},{"@type":"ListItem","position":2,"name":"Contacto"}]},{"@type":"WebSite","@id":"https:\/\/academiaestudi.com\/es\/#website","url":"https:\/\/academiaestudi.com\/es\/","name":"Acad\u00e8mia Estudi","description":"","publisher":{"@id":"https:\/\/academiaestudi.com\/es\/#organization"},"potentialAction":[{"@type":"SearchAction","target":{"@type":"EntryPoint","urlTemplate":"https:\/\/academiaestudi.com\/es\/?s={search_term_string}"},"query-input":{"@type":"PropertyValueSpecification","valueRequired":true,"valueName":"search_term_string"}}],"inLanguage":"es"},{"@type":"Organization","@id":"https:\/\/academiaestudi.com\/es\/#organization","name":"Acad\u00e8mia Estudi","url":"https:\/\/academiaestudi.com\/es\/","logo":{"@type":"ImageObject","inLanguage":"es","@id":"https:\/\/academiaestudi.com\/es\/#\/schema\/logo\/image\/","url":"https:\/\/academiaestudi.com\/wp-content\/uploads\/2025\/09\/logo.svg","contentUrl":"https:\/\/academiaestudi.com\/wp-content\/uploads\/2025\/09\/logo.svg","width":234,"height":80,"caption":"Acad\u00e8mia Estudi"},"image":{"@id":"https:\/\/academiaestudi.com\/es\/#\/schema\/logo\/image\/"}}]}},"_links":{"self":[{"href":"https:\/\/academiaestudi.com\/es\/wp-json\/wp\/v2\/pages\/612","targetHints":{"allow":["GET"]}}],"collection":[{"href":"https:\/\/academiaestudi.com\/es\/wp-json\/wp\/v2\/pages"}],"about":[{"href":"https:\/\/academiaestudi.com\/es\/wp-json\/wp\/v2\/types\/page"}],"author":[{"embeddable":true,"href":"https:\/\/academiaestudi.com\/es\/wp-json\/wp\/v2\/users\/1"}],"replies":[{"embeddable":true,"href":"https:\/\/academiaestudi.com\/es\/wp-json\/wp\/v2\/comments?post=612"}],"version-history":[{"count":1,"href":"https:\/\/academiaestudi.com\/es\/wp-json\/wp\/v2\/pages\/612\/revisions"}],"predecessor-version":[{"id":613,"href":"https:\/\/academiaestudi.com\/es\/wp-json\/wp\/v2\/pages\/612\/revisions\/613"}],"wp:attachment":[{"href":"https:\/\/academiaestudi.com\/es\/wp-json\/wp\/v2\/media?parent=612"}],"curies":[{"name":"wp","href":"https:\/\/api.w.org\/{rel}","templated":true}]}}